{"id":52985,"date":"2024-03-01T11:06:56","date_gmt":"2024-03-01T11:06:56","guid":{"rendered":"http:\/\/www.kebol.net\/product\/tete-a-tete-bot"},"modified":"2025-06-10T13:03:55","modified_gmt":"2025-06-10T13:03:55","slug":"tete-a-tete-bot","status":"publish","type":"product","link":"https:\/\/www.kebol.net\/nl\/product-nl\/tete-a-tete-bot","title":{"rendered":"Narcissus T\u00eate-\u00e0-T\u00eate"},"content":{"rendered":"<p class=\"restricted\">Not enough permissions to view this content.<\/p>\n","protected":false},"excerpt":{"rendered":"<p class=\"restricted\">Not enough permissions to view this content.<\/p>\n","protected":false},"featured_media":54401,"template":"","meta":{"_acf_changed":false},"product_brand":[],"product_cat":[5352,2647],"product_tag":[],"class_list":{"0":"post-52985","1":"product","2":"type-product","3":"status-publish","4":"has-post-thumbnail","6":"product_cat-autumn-retail-order-fb","7":"product_cat-flower-bulbs-order","8":"pa_attribute-none","9":"pa_colour-yellow","10":"pa_genus-narcissus","11":"pa_package-content-20x5","13":"first","14":"instock","15":"product-type-simple"},"acf":[],"_links":{"self":[{"href":"https:\/\/www.kebol.net\/nl\/wp-json\/wp\/v2\/product\/52985","targetHints":{"allow":["GET"]}}],"collection":[{"href":"https:\/\/www.kebol.net\/nl\/wp-json\/wp\/v2\/product"}],"about":[{"href":"https:\/\/www.kebol.net\/nl\/wp-json\/wp\/v2\/types\/product"}],"version-history":[{"count":0,"href":"https:\/\/www.kebol.net\/nl\/wp-json\/wp\/v2\/product\/52985\/revisions"}],"wp:featuredmedia":[{"embeddable":true,"href":"https:\/\/www.kebol.net\/nl\/wp-json\/wp\/v2\/media\/54401"}],"wp:attachment":[{"href":"https:\/\/www.kebol.net\/nl\/wp-json\/wp\/v2\/media?parent=52985"}],"wp:term":[{"taxonomy":"product_brand","embeddable":true,"href":"https:\/\/www.kebol.net\/nl\/wp-json\/wp\/v2\/product_brand?post=52985"},{"taxonomy":"product_cat","embeddable":true,"href":"https:\/\/www.kebol.net\/nl\/wp-json\/wp\/v2\/product_cat?post=52985"},{"taxonomy":"product_tag","embeddable":true,"href":"https:\/\/www.kebol.net\/nl\/wp-json\/wp\/v2\/product_tag?post=52985"}],"curies":[{"name":"wp","href":"https:\/\/api.w.org\/{rel}","templated":true}]}}